{"id":988,"date":"2023-11-05T11:43:56","date_gmt":"2023-11-05T11:43:56","guid":{"rendered":"https:\/\/fotobyte.es\/?page_id=988"},"modified":"2025-10-22T08:03:37","modified_gmt":"2025-10-22T08:03:37","slug":"tarifa-navidad-2024","status":"publish","type":"page","link":"https:\/\/fotobyte.es\/?page_id=988","title":{"rendered":"Tarifa Navidad 2025"},"content":{"rendered":"\n<pre class=\"wp-block-preformatted\">\u00a1Captura la magia de la Navidad con nuestras encantadoras sesiones de fotos para beb\u00e9s y ni\u00f1os! En esta \u00e9poca del a\u00f1o tan especial, queremos ayudarte a crear recuerdos duraderos que atesoren la belleza y la alegr\u00eda de la Navidad en la infancia de tus peque\u00f1os.<\/pre>\n\n\n\n<div class=\"wp-block-columns is-layout-flex wp-container-core-columns-is-layout-9d6595d7 wp-block-columns-is-layout-flex\">\n<div class=\"wp-block-column is-layout-flow wp-block-column-is-layout-flow\">\n<figure class=\"wp-block-image size-large\"><img loading=\"lazy\" decoding=\"async\" width=\"512\" height=\"1024\" src=\"https:\/\/fotobyte.es\/wp-content\/uploads\/2025\/10\/pack-navidad-oferta-512x1024.jpg\" alt=\"\" class=\"wp-image-1573\" srcset=\"https:\/\/fotobyte.es\/wp-content\/uploads\/2025\/10\/pack-navidad-oferta-512x1024.jpg 512w, https:\/\/fotobyte.es\/wp-content\/uploads\/2025\/10\/pack-navidad-oferta-150x300.jpg 150w, https:\/\/fotobyte.es\/wp-content\/uploads\/2025\/10\/pack-navidad-oferta-768x1536.jpg 768w, https:\/\/fotobyte.es\/wp-content\/uploads\/2025\/10\/pack-navidad-oferta-1024x2048.jpg 1024w, https:\/\/fotobyte.es\/wp-content\/uploads\/2025\/10\/pack-navidad-oferta-scaled.jpg 1280w\" sizes=\"auto, (max-width: 512px) 100vw, 512px\" \/><\/figure>\n<\/div>\n\n\n\n<div class=\"wp-block-column is-layout-flow wp-block-column-is-layout-flow\">\n<figure class=\"wp-block-image size-large\"><img loading=\"lazy\" decoding=\"async\" width=\"512\" height=\"1024\" src=\"https:\/\/fotobyte.es\/wp-content\/uploads\/2025\/10\/pack-christmas-512x1024.jpg\" alt=\"\" class=\"wp-image-1575\" srcset=\"https:\/\/fotobyte.es\/wp-content\/uploads\/2025\/10\/pack-christmas-512x1024.jpg 512w, https:\/\/fotobyte.es\/wp-content\/uploads\/2025\/10\/pack-christmas-150x300.jpg 150w, https:\/\/fotobyte.es\/wp-content\/uploads\/2025\/10\/pack-christmas-768x1536.jpg 768w, https:\/\/fotobyte.es\/wp-content\/uploads\/2025\/10\/pack-christmas-1024x2048.jpg 1024w, https:\/\/fotobyte.es\/wp-content\/uploads\/2025\/10\/pack-christmas-scaled.jpg 1280w\" sizes=\"auto, (max-width: 512px) 100vw, 512px\" \/><\/figure>\n<\/div>\n\n\n\n<div class=\"wp-block-column is-layout-flow wp-block-column-is-layout-flow\">\n<figure class=\"wp-block-image size-large\"><img loading=\"lazy\" decoding=\"async\" width=\"512\" height=\"1024\" src=\"https:\/\/fotobyte.es\/wp-content\/uploads\/2025\/10\/pack-Christmas-PSTCARD-copia-512x1024.jpg\" alt=\"\" class=\"wp-image-1576\" srcset=\"https:\/\/fotobyte.es\/wp-content\/uploads\/2025\/10\/pack-Christmas-PSTCARD-copia-512x1024.jpg 512w, https:\/\/fotobyte.es\/wp-content\/uploads\/2025\/10\/pack-Christmas-PSTCARD-copia-150x300.jpg 150w, https:\/\/fotobyte.es\/wp-content\/uploads\/2025\/10\/pack-Christmas-PSTCARD-copia-768x1536.jpg 768w, https:\/\/fotobyte.es\/wp-content\/uploads\/2025\/10\/pack-Christmas-PSTCARD-copia-1024x2048.jpg 1024w, https:\/\/fotobyte.es\/wp-content\/uploads\/2025\/10\/pack-Christmas-PSTCARD-copia-scaled.jpg 1280w\" sizes=\"auto, (max-width: 512px) 100vw, 512px\" \/><\/figure>\n<\/div>\n<\/div>\n\n\n\n<div class=\"wp-block-columns is-layout-flex wp-container-core-columns-is-layout-9d6595d7 wp-block-columns-is-layout-flex\">\n<div class=\"wp-block-column is-layout-flow wp-block-column-is-layout-flow\">\n<figure class=\"wp-block-image size-large\"><img loading=\"lazy\" decoding=\"async\" width=\"512\" height=\"1024\" src=\"https:\/\/fotobyte.es\/wp-content\/uploads\/2025\/10\/pack-Christmas-basic-512x1024.jpg\" alt=\"\" class=\"wp-image-1577\" srcset=\"https:\/\/fotobyte.es\/wp-content\/uploads\/2025\/10\/pack-Christmas-basic-512x1024.jpg 512w, https:\/\/fotobyte.es\/wp-content\/uploads\/2025\/10\/pack-Christmas-basic-150x300.jpg 150w, https:\/\/fotobyte.es\/wp-content\/uploads\/2025\/10\/pack-Christmas-basic-768x1536.jpg 768w, https:\/\/fotobyte.es\/wp-content\/uploads\/2025\/10\/pack-Christmas-basic-1024x2048.jpg 1024w, https:\/\/fotobyte.es\/wp-content\/uploads\/2025\/10\/pack-Christmas-basic-scaled.jpg 1280w\" sizes=\"auto, (max-width: 512px) 100vw, 512px\" \/><\/figure>\n<\/div>\n\n\n\n<div class=\"wp-block-column is-layout-flow wp-block-column-is-layout-flow\">\n<figure class=\"wp-block-image size-large\"><img loading=\"lazy\" decoding=\"async\" width=\"512\" height=\"1024\" src=\"https:\/\/fotobyte.es\/wp-content\/uploads\/2023\/11\/pack-Mini-Sesion-512x1024.jpg\" alt=\"\" class=\"wp-image-993\" srcset=\"https:\/\/fotobyte.es\/wp-content\/uploads\/2023\/11\/pack-Mini-Sesion-512x1024.jpg 512w, https:\/\/fotobyte.es\/wp-content\/uploads\/2023\/11\/pack-Mini-Sesion-scaled-400x800.jpg 400w, https:\/\/fotobyte.es\/wp-content\/uploads\/2023\/11\/pack-Mini-Sesion-150x300.jpg 150w, https:\/\/fotobyte.es\/wp-content\/uploads\/2023\/11\/pack-Mini-Sesion-768x1536.jpg 768w, https:\/\/fotobyte.es\/wp-content\/uploads\/2023\/11\/pack-Mini-Sesion-1024x2048.jpg 1024w, https:\/\/fotobyte.es\/wp-content\/uploads\/2023\/11\/pack-Mini-Sesion-scaled.jpg 1280w\" sizes=\"auto, (max-width: 512px) 100vw, 512px\" \/><\/figure>\n<\/div>\n\n\n\n<div class=\"wp-block-column is-layout-flow wp-block-column-is-layout-flow\">\n<figure class=\"wp-block-image size-large\"><img loading=\"lazy\" decoding=\"async\" width=\"512\" height=\"1024\" src=\"https:\/\/fotobyte.es\/wp-content\/uploads\/2023\/11\/pack-SESION-ANO-NUEVO-512x1024.jpg\" alt=\"\" class=\"wp-image-994\" srcset=\"https:\/\/fotobyte.es\/wp-content\/uploads\/2023\/11\/pack-SESION-ANO-NUEVO-512x1024.jpg 512w, https:\/\/fotobyte.es\/wp-content\/uploads\/2023\/11\/pack-SESION-ANO-NUEVO-scaled-400x800.jpg 400w, https:\/\/fotobyte.es\/wp-content\/uploads\/2023\/11\/pack-SESION-ANO-NUEVO-150x300.jpg 150w, https:\/\/fotobyte.es\/wp-content\/uploads\/2023\/11\/pack-SESION-ANO-NUEVO-768x1536.jpg 768w, https:\/\/fotobyte.es\/wp-content\/uploads\/2023\/11\/pack-SESION-ANO-NUEVO-1024x2048.jpg 1024w, https:\/\/fotobyte.es\/wp-content\/uploads\/2023\/11\/pack-SESION-ANO-NUEVO-scaled.jpg 1280w\" sizes=\"auto, (max-width: 512px) 100vw, 512px\" \/><\/figure>\n<\/div>\n<\/div>\n\n\n\n<div style=\"height:25px\" aria-hidden=\"true\" class=\"wp-block-spacer\"><\/div>\n\n\n\n<p class=\"has-text-align-center\"><strong><a href=\"https:\/\/www.google.es\/maps\/place\/FOTO+BYTE+STUDIO\/@39.5006987,-0.4392448,189m\/data=!3m1!1e3!4m6!3m5!1s0xd604545e6ed8e19:0x3d17f3325473e622!8m2!3d39.500693!4d-0.4398334!16s%2Fg%2F1v8l0yzt?hl=es\" target=\"_blank\" rel=\"noreferrer noopener\">C\/ Medico Ballester, 20<br>46980 Paterna (Valencia)<\/a><\/strong><\/p>\n","protected":false},"excerpt":{"rendered":"<p>\u00a1Captura la magia de la Navidad con nuestras encantadoras sesiones de fotos para beb\u00e9s y ni\u00f1os! En esta \u00e9poca del a\u00f1o tan especial, queremos ayudarte&hellip;<\/p>\n","protected":false},"author":1,"featured_media":0,"parent":0,"menu_order":0,"comment_status":"closed","ping_status":"closed","template":"","meta":{"_acf_changed":false,"ngg_post_thumbnail":0,"footnotes":""},"class_list":["post-988","page","type-page","status-publish","hentry"],"acf":[],"_links":{"self":[{"href":"https:\/\/fotobyte.es\/index.php?rest_route=\/wp\/v2\/pages\/988","targetHints":{"allow":["GET"]}}],"collection":[{"href":"https:\/\/fotobyte.es\/index.php?rest_route=\/wp\/v2\/pages"}],"about":[{"href":"https:\/\/fotobyte.es\/index.php?rest_route=\/wp\/v2\/types\/page"}],"author":[{"embeddable":true,"href":"https:\/\/fotobyte.es\/index.php?rest_route=\/wp\/v2\/users\/1"}],"replies":[{"embeddable":true,"href":"https:\/\/fotobyte.es\/index.php?rest_route=%2Fwp%2Fv2%2Fcomments&post=988"}],"version-history":[{"count":5,"href":"https:\/\/fotobyte.es\/index.php?rest_route=\/wp\/v2\/pages\/988\/revisions"}],"predecessor-version":[{"id":1578,"href":"https:\/\/fotobyte.es\/index.php?rest_route=\/wp\/v2\/pages\/988\/revisions\/1578"}],"wp:attachment":[{"href":"https:\/\/fotobyte.es\/index.php?rest_route=%2Fwp%2Fv2%2Fmedia&parent=988"}],"curies":[{"name":"wp","href":"https:\/\/api.w.org\/{rel}","templated":true}]}}