{"id":975,"date":"2023-11-03T18:45:36","date_gmt":"2023-11-03T18:45:36","guid":{"rendered":"https:\/\/fotobyte.es\/?page_id=975"},"modified":"2026-03-30T08:05:57","modified_gmt":"2026-03-30T08:05:57","slug":"tarifa-comuniones-2024","status":"publish","type":"page","link":"https:\/\/fotobyte.es\/?page_id=975","title":{"rendered":"Tarifa Comuniones 2026"},"content":{"rendered":"\n<pre class=\"wp-block-preformatted\">La Primera Comuni\u00f3n es un momento inolvidable junto a unas fotograf\u00edas para siempre. Eso es lo que te ofrecemos en la nueva campa\u00f1a de comuniones para este 2026. Atesorar\u00e1s tus mejores recuerdos en un reportaje exclusivo y \u00fanico. <br>Contamos con plazas limitadas tanto en formato estudio como para exterior. <br>Si, por el contrario, quieres que te acompa\u00f1emos el mismo d\u00eda de la ceremonia, ponte en contacto con nosotros.<\/pre>\n\n\n\n<div class=\"wp-block-columns is-layout-flex wp-container-core-columns-is-layout-9d6595d7 wp-block-columns-is-layout-flex\">\n<div class=\"wp-block-column is-layout-flow wp-block-column-is-layout-flow\">\n<figure class=\"wp-block-image size-large\"><img loading=\"lazy\" decoding=\"async\" width=\"512\" height=\"1024\" src=\"https:\/\/fotobyte.es\/wp-content\/uploads\/2026\/03\/pack-basic-copia-512x1024.jpg\" alt=\"\" class=\"wp-image-1614\" srcset=\"https:\/\/fotobyte.es\/wp-content\/uploads\/2026\/03\/pack-basic-copia-512x1024.jpg 512w, https:\/\/fotobyte.es\/wp-content\/uploads\/2026\/03\/pack-basic-copia-150x300.jpg 150w, https:\/\/fotobyte.es\/wp-content\/uploads\/2026\/03\/pack-basic-copia-768x1536.jpg 768w, https:\/\/fotobyte.es\/wp-content\/uploads\/2026\/03\/pack-basic-copia-1024x2048.jpg 1024w, https:\/\/fotobyte.es\/wp-content\/uploads\/2026\/03\/pack-basic-copia-scaled.jpg 1280w\" sizes=\"auto, (max-width: 512px) 100vw, 512px\" \/><\/figure>\n<\/div>\n\n\n\n<div class=\"wp-block-column is-layout-flow wp-block-column-is-layout-flow\">\n<figure class=\"wp-block-image size-large\"><img loading=\"lazy\" decoding=\"async\" width=\"512\" height=\"1024\" src=\"https:\/\/fotobyte.es\/wp-content\/uploads\/2023\/11\/pack-sample-copia-512x1024.jpg\" alt=\"\" class=\"wp-image-977\" srcset=\"https:\/\/fotobyte.es\/wp-content\/uploads\/2023\/11\/pack-sample-copia-512x1024.jpg 512w, https:\/\/fotobyte.es\/wp-content\/uploads\/2023\/11\/pack-sample-copia-scaled-400x800.jpg 400w, https:\/\/fotobyte.es\/wp-content\/uploads\/2023\/11\/pack-sample-copia-150x300.jpg 150w, https:\/\/fotobyte.es\/wp-content\/uploads\/2023\/11\/pack-sample-copia-768x1536.jpg 768w, https:\/\/fotobyte.es\/wp-content\/uploads\/2023\/11\/pack-sample-copia-1024x2048.jpg 1024w, https:\/\/fotobyte.es\/wp-content\/uploads\/2023\/11\/pack-sample-copia-scaled.jpg 1280w\" sizes=\"auto, (max-width: 512px) 100vw, 512px\" \/><\/figure>\n<\/div>\n\n\n\n<div class=\"wp-block-column is-layout-flow wp-block-column-is-layout-flow\">\n<figure class=\"wp-block-image size-large\"><img loading=\"lazy\" decoding=\"async\" width=\"512\" height=\"1024\" src=\"https:\/\/fotobyte.es\/wp-content\/uploads\/2023\/11\/pack-wooden-box-copia-512x1024.jpg\" alt=\"\" class=\"wp-image-978\" srcset=\"https:\/\/fotobyte.es\/wp-content\/uploads\/2023\/11\/pack-wooden-box-copia-512x1024.jpg 512w, https:\/\/fotobyte.es\/wp-content\/uploads\/2023\/11\/pack-wooden-box-copia-scaled-400x800.jpg 400w, https:\/\/fotobyte.es\/wp-content\/uploads\/2023\/11\/pack-wooden-box-copia-150x300.jpg 150w, https:\/\/fotobyte.es\/wp-content\/uploads\/2023\/11\/pack-wooden-box-copia-768x1536.jpg 768w, https:\/\/fotobyte.es\/wp-content\/uploads\/2023\/11\/pack-wooden-box-copia-1024x2048.jpg 1024w, https:\/\/fotobyte.es\/wp-content\/uploads\/2023\/11\/pack-wooden-box-copia-scaled.jpg 1280w\" sizes=\"auto, (max-width: 512px) 100vw, 512px\" \/><\/figure>\n<\/div>\n<\/div>\n\n\n\n<div class=\"wp-block-buttons is-content-justification-center is-layout-flex wp-container-core-buttons-is-layout-16018d1d wp-block-buttons-is-layout-flex\">\n<div class=\"wp-block-button\"><a class=\"wp-block-button__link wp-element-button\" href=\"https:\/\/fotobyte.es\/?page_id=703\" target=\"_blank\" rel=\"noreferrer noopener\">RESERVA YA !<\/a><\/div>\n<\/div>\n\n\n\n<div style=\"height:25px\" aria-hidden=\"true\" class=\"wp-block-spacer\"><\/div>\n\n\n\n<p class=\"has-text-align-center\"><strong><a href=\"https:\/\/www.google.es\/maps\/place\/FOTO+BYTE+STUDIO\/@39.5006987,-0.4392448,189m\/data=!3m1!1e3!4m6!3m5!1s0xd604545e6ed8e19:0x3d17f3325473e622!8m2!3d39.500693!4d-0.4398334!16s%2Fg%2F1v8l0yzt?hl=es\" target=\"_blank\" rel=\"noreferrer noopener\">C\/ Medico Ballester, 20<br>46980 Paterna (Valencia)<\/a><\/strong><\/p>\n","protected":false},"excerpt":{"rendered":"<p>La Primera Comuni\u00f3n es un momento inolvidable junto a unas fotograf\u00edas para siempre. Eso es lo que te ofrecemos en la nueva campa\u00f1a de comuniones&hellip;<\/p>\n","protected":false},"author":1,"featured_media":0,"parent":0,"menu_order":0,"comment_status":"closed","ping_status":"closed","template":"","meta":{"_acf_changed":false,"ngg_post_thumbnail":0,"footnotes":""},"class_list":["post-975","page","type-page","status-publish","hentry"],"acf":[],"_links":{"self":[{"href":"https:\/\/fotobyte.es\/index.php?rest_route=\/wp\/v2\/pages\/975","targetHints":{"allow":["GET"]}}],"collection":[{"href":"https:\/\/fotobyte.es\/index.php?rest_route=\/wp\/v2\/pages"}],"about":[{"href":"https:\/\/fotobyte.es\/index.php?rest_route=\/wp\/v2\/types\/page"}],"author":[{"embeddable":true,"href":"https:\/\/fotobyte.es\/index.php?rest_route=\/wp\/v2\/users\/1"}],"replies":[{"embeddable":true,"href":"https:\/\/fotobyte.es\/index.php?rest_route=%2Fwp%2Fv2%2Fcomments&post=975"}],"version-history":[{"count":8,"href":"https:\/\/fotobyte.es\/index.php?rest_route=\/wp\/v2\/pages\/975\/revisions"}],"predecessor-version":[{"id":1615,"href":"https:\/\/fotobyte.es\/index.php?rest_route=\/wp\/v2\/pages\/975\/revisions\/1615"}],"wp:attachment":[{"href":"https:\/\/fotobyte.es\/index.php?rest_route=%2Fwp%2Fv2%2Fmedia&parent=975"}],"curies":[{"name":"wp","href":"https:\/\/api.w.org\/{rel}","templated":true}]}}