{"id":703,"date":"2022-09-28T21:11:06","date_gmt":"2022-09-28T21:11:06","guid":{"rendered":"https:\/\/fotobyte.es\/?page_id=703"},"modified":"2023-06-07T08:50:40","modified_gmt":"2023-06-07T08:50:40","slug":"reserva-comuniones","status":"publish","type":"page","link":"https:\/\/fotobyte.es\/?page_id=703","title":{"rendered":"Reserva Comuniones"},"content":{"rendered":"\n<p class=\"has-medium-font-size\"><strong>Reserva ahora tu Reportaje de Primera Comuni\u00f3n con Foto Byte Studio por tan solo 60\u20ac.<br><br>Una vez confirmada la reserva nos pondremos en contacto contigo para concretar los detalles del <br>Reportaje de Primera Comuni\u00f3n.<br>GRACIAS.<\/strong><\/p>\n\n\n\n<div class=\"wp-block-columns is-layout-flex wp-container-core-columns-is-layout-9d6595d7 wp-block-columns-is-layout-flex\">\n<div class=\"wp-block-column is-layout-flow wp-block-column-is-layout-flow\" style=\"flex-basis:66.66%\">\n<div class=\"wp-block-contact-form-7-contact-form-selector\">\n<div class=\"wpcf7 no-js\" id=\"wpcf7-f706-o1\" lang=\"es-ES\" dir=\"ltr\" data-wpcf7-id=\"706\">\n<div class=\"screen-reader-response\"><p role=\"status\" aria-live=\"polite\" aria-atomic=\"true\"><\/p> <ul><\/ul><\/div>\n<form action=\"\/index.php?rest_route=%2Fwp%2Fv2%2Fpages%2F703#wpcf7-f706-o1\" method=\"post\" class=\"wpcf7-form init\" aria-label=\"Formulario de contacto\" novalidate=\"novalidate\" data-status=\"init\">\n<fieldset class=\"hidden-fields-container\"><input type=\"hidden\" name=\"_wpcf7\" value=\"706\" \/><input type=\"hidden\" name=\"_wpcf7_version\" value=\"6.1.5\" \/><input type=\"hidden\" name=\"_wpcf7_locale\" value=\"es_ES\" \/><input type=\"hidden\" name=\"_wpcf7_unit_tag\" value=\"wpcf7-f706-o1\" \/><input type=\"hidden\" name=\"_wpcf7_container_post\" value=\"0\" \/><input type=\"hidden\" name=\"_wpcf7_posted_data_hash\" value=\"\" \/><input type=\"hidden\" name=\"_wpcf7_recaptcha_response\" value=\"\" \/>\n<\/fieldset>\n<p><I><U><B>RESERVA DE FECHA:<\/b><\/u><\/i>\n<\/p>\n<p><span class=\"wpcf7-form-control-wrap\" data-name=\"nombreyapellidos\"><input size=\"40\" maxlength=\"400\" class=\"wpcf7-form-control wpcf7-text wpcf7-validates-as-required\" aria-required=\"true\" aria-invalid=\"false\" placeholder=\"Nombre y Apellidos\" value=\"\" type=\"text\" name=\"nombreyapellidos\" \/><\/span>\n<\/p>\n<p><span class=\"wpcf7-form-control-wrap\" data-name=\"Telefonomovil\"><input size=\"40\" maxlength=\"400\" class=\"wpcf7-form-control wpcf7-tel wpcf7-validates-as-required wpcf7-text wpcf7-validates-as-tel\" aria-required=\"true\" aria-invalid=\"false\" placeholder=\"Telefono Movil\" value=\"\" type=\"tel\" name=\"Telefonomovil\" \/><\/span>\n<\/p>\n<p><span class=\"wpcf7-form-control-wrap\" data-name=\"email\"><input size=\"40\" maxlength=\"400\" class=\"wpcf7-form-control wpcf7-email wpcf7-validates-as-required wpcf7-text wpcf7-validates-as-email\" aria-required=\"true\" aria-invalid=\"false\" placeholder=\"Correo Electronico\" value=\"\" type=\"email\" name=\"email\" \/><\/span>\n<\/p>\n<p><i>Introduzca la fecha de la Primera Comuni\u00f3n<\/i><br \/>\n<span class=\"wpcf7-form-control-wrap\" data-name=\"fecha\"><input class=\"wpcf7-form-control wpcf7-date wpcf7-validates-as-required wpcf7-validates-as-date\" aria-required=\"true\" aria-invalid=\"false\" placeholder=\"\" value=\"\" type=\"date\" name=\"fecha\" \/><\/span>\n<\/p>\n<p><span class=\"wpcf7-form-control-wrap\" data-name=\"Nombredelnioa\"><input size=\"40\" maxlength=\"400\" class=\"wpcf7-form-control wpcf7-text wpcf7-validates-as-required\" aria-required=\"true\" aria-invalid=\"false\" placeholder=\"Nombre del Ni\u00f1o\/Ni\u00f1a\" value=\"\" type=\"text\" name=\"Nombredelnioa\" \/><\/span>\n<\/p>\n<p><i>Seleccione una forma de pago para la reserva de fecha<\/i><br \/>\n<span class=\"wpcf7-form-control-wrap\" data-name=\"FormadePago\"><span class=\"wpcf7-form-control wpcf7-checkbox wpcf7-validates-as-required wpcf7-exclusive-checkbox\"><span class=\"wpcf7-list-item first\"><label><span class=\"wpcf7-list-item-label\">Bizum<\/span><input type=\"checkbox\" name=\"FormadePago\" value=\"Bizum\" \/><\/label><\/span><span class=\"wpcf7-list-item last\"><label><span class=\"wpcf7-list-item-label\">Transferencia<\/span><input type=\"checkbox\" name=\"FormadePago\" value=\"Transferencia\" \/><\/label><\/span><\/span><\/span>\n<\/p>\n<p><span class=\"wpcf7-form-control-wrap\" data-name=\"PoliticadePrivacidad\"><span class=\"wpcf7-form-control wpcf7-acceptance\"><span class=\"wpcf7-list-item\"><label><input type=\"checkbox\" name=\"PoliticadePrivacidad\" value=\"1\" aria-invalid=\"false\" \/><span class=\"wpcf7-list-item-label\">Acepta nuestra <a target=\"_blank\" rel=\"nofollow\" href=\"https:\/\/fotobyte.es\/?page_id=3\">politica de privacidad<\/a><\/span><\/label><\/span><\/span><\/span>\n<\/p>\n<p><input class=\"wpcf7-form-control wpcf7-submit has-spinner\" type=\"submit\" value=\"Enviar\" \/>\n<\/p><div class=\"wpcf7-response-output\" aria-hidden=\"true\"><\/div>\n<\/form>\n<\/div>\n<\/div>\n<\/div>\n\n\n\n<div class=\"wp-block-column is-layout-flow wp-block-column-is-layout-flow\" style=\"flex-basis:33.33%\">\n<figure class=\"wp-block-gallery has-nested-images columns-default is-cropped wp-block-gallery-1 is-layout-flex wp-block-gallery-is-layout-flex\">\n<figure class=\"wp-block-image size-large\"><img loading=\"lazy\" decoding=\"async\" width=\"1920\" height=\"1280\" data-id=\"215\" src=\"https:\/\/fotobyte.es\/wp-content\/uploads\/2022\/08\/IMG_7151.jpg\" alt=\"\" class=\"wp-image-215\" srcset=\"https:\/\/fotobyte.es\/wp-content\/uploads\/2022\/08\/IMG_7151.jpg 1920w, https:\/\/fotobyte.es\/wp-content\/uploads\/2022\/08\/IMG_7151-400x267.jpg 400w, https:\/\/fotobyte.es\/wp-content\/uploads\/2022\/08\/IMG_7151-300x200.jpg 300w, https:\/\/fotobyte.es\/wp-content\/uploads\/2022\/08\/IMG_7151-1024x683.jpg 1024w, https:\/\/fotobyte.es\/wp-content\/uploads\/2022\/08\/IMG_7151-768x512.jpg 768w, https:\/\/fotobyte.es\/wp-content\/uploads\/2022\/08\/IMG_7151-1536x1024.jpg 1536w\" sizes=\"auto, (max-width: 1920px) 100vw, 1920px\" \/><\/figure>\n\n\n\n<figure class=\"wp-block-image size-large\"><img loading=\"lazy\" decoding=\"async\" width=\"1920\" height=\"1280\" data-id=\"216\" src=\"https:\/\/fotobyte.es\/wp-content\/uploads\/2022\/08\/IMG_7173.jpg\" alt=\"\" class=\"wp-image-216\" srcset=\"https:\/\/fotobyte.es\/wp-content\/uploads\/2022\/08\/IMG_7173.jpg 1920w, https:\/\/fotobyte.es\/wp-content\/uploads\/2022\/08\/IMG_7173-400x267.jpg 400w, https:\/\/fotobyte.es\/wp-content\/uploads\/2022\/08\/IMG_7173-300x200.jpg 300w, https:\/\/fotobyte.es\/wp-content\/uploads\/2022\/08\/IMG_7173-1024x683.jpg 1024w, https:\/\/fotobyte.es\/wp-content\/uploads\/2022\/08\/IMG_7173-768x512.jpg 768w, https:\/\/fotobyte.es\/wp-content\/uploads\/2022\/08\/IMG_7173-1536x1024.jpg 1536w\" sizes=\"auto, (max-width: 1920px) 100vw, 1920px\" \/><\/figure>\n\n\n\n<figure class=\"wp-block-image size-large\"><img loading=\"lazy\" decoding=\"async\" width=\"1707\" height=\"2560\" data-id=\"218\" src=\"https:\/\/fotobyte.es\/wp-content\/uploads\/2022\/08\/IMG_7314-copia-scaled.jpg\" alt=\"\" class=\"wp-image-218\" srcset=\"https:\/\/fotobyte.es\/wp-content\/uploads\/2022\/08\/IMG_7314-copia-scaled.jpg 1707w, https:\/\/fotobyte.es\/wp-content\/uploads\/2022\/08\/IMG_7314-copia-scaled-400x600.jpg 400w, https:\/\/fotobyte.es\/wp-content\/uploads\/2022\/08\/IMG_7314-copia-200x300.jpg 200w, https:\/\/fotobyte.es\/wp-content\/uploads\/2022\/08\/IMG_7314-copia-683x1024.jpg 683w, https:\/\/fotobyte.es\/wp-content\/uploads\/2022\/08\/IMG_7314-copia-768x1152.jpg 768w, https:\/\/fotobyte.es\/wp-content\/uploads\/2022\/08\/IMG_7314-copia-1024x1536.jpg 1024w, https:\/\/fotobyte.es\/wp-content\/uploads\/2022\/08\/IMG_7314-copia-1365x2048.jpg 1365w\" sizes=\"auto, (max-width: 1707px) 100vw, 1707px\" \/><\/figure>\n\n\n\n<figure class=\"wp-block-image size-large\"><img loading=\"lazy\" decoding=\"async\" width=\"1920\" height=\"1280\" data-id=\"219\" src=\"https:\/\/fotobyte.es\/wp-content\/uploads\/2022\/08\/IMG_7367-copia.jpg\" alt=\"\" class=\"wp-image-219\" srcset=\"https:\/\/fotobyte.es\/wp-content\/uploads\/2022\/08\/IMG_7367-copia.jpg 1920w, https:\/\/fotobyte.es\/wp-content\/uploads\/2022\/08\/IMG_7367-copia-400x267.jpg 400w, https:\/\/fotobyte.es\/wp-content\/uploads\/2022\/08\/IMG_7367-copia-300x200.jpg 300w, https:\/\/fotobyte.es\/wp-content\/uploads\/2022\/08\/IMG_7367-copia-1024x683.jpg 1024w, https:\/\/fotobyte.es\/wp-content\/uploads\/2022\/08\/IMG_7367-copia-768x512.jpg 768w, https:\/\/fotobyte.es\/wp-content\/uploads\/2022\/08\/IMG_7367-copia-1536x1024.jpg 1536w\" sizes=\"auto, (max-width: 1920px) 100vw, 1920px\" \/><\/figure>\n\n\n\n<figure class=\"wp-block-image size-large\"><img loading=\"lazy\" decoding=\"async\" width=\"2194\" height=\"2560\" data-id=\"236\" src=\"https:\/\/fotobyte.es\/wp-content\/uploads\/2022\/08\/IMG_3288-scaled.jpg\" alt=\"\" class=\"wp-image-236\" srcset=\"https:\/\/fotobyte.es\/wp-content\/uploads\/2022\/08\/IMG_3288-scaled.jpg 2194w, https:\/\/fotobyte.es\/wp-content\/uploads\/2022\/08\/IMG_3288-scaled-400x467.jpg 400w, https:\/\/fotobyte.es\/wp-content\/uploads\/2022\/08\/IMG_3288-257x300.jpg 257w, https:\/\/fotobyte.es\/wp-content\/uploads\/2022\/08\/IMG_3288-878x1024.jpg 878w, https:\/\/fotobyte.es\/wp-content\/uploads\/2022\/08\/IMG_3288-768x896.jpg 768w, https:\/\/fotobyte.es\/wp-content\/uploads\/2022\/08\/IMG_3288-1317x1536.jpg 1317w, https:\/\/fotobyte.es\/wp-content\/uploads\/2022\/08\/IMG_3288-1755x2048.jpg 1755w\" sizes=\"auto, (max-width: 2194px) 100vw, 2194px\" \/><\/figure>\n\n\n\n<figure class=\"wp-block-image size-large\"><img loading=\"lazy\" decoding=\"async\" width=\"1920\" height=\"2400\" data-id=\"208\" src=\"https:\/\/fotobyte.es\/wp-content\/uploads\/2022\/08\/IMG_6876.jpg\" alt=\"\" class=\"wp-image-208\" srcset=\"https:\/\/fotobyte.es\/wp-content\/uploads\/2022\/08\/IMG_6876.jpg 1920w, https:\/\/fotobyte.es\/wp-content\/uploads\/2022\/08\/IMG_6876-400x500.jpg 400w, https:\/\/fotobyte.es\/wp-content\/uploads\/2022\/08\/IMG_6876-240x300.jpg 240w, https:\/\/fotobyte.es\/wp-content\/uploads\/2022\/08\/IMG_6876-819x1024.jpg 819w, https:\/\/fotobyte.es\/wp-content\/uploads\/2022\/08\/IMG_6876-768x960.jpg 768w, https:\/\/fotobyte.es\/wp-content\/uploads\/2022\/08\/IMG_6876-1229x1536.jpg 1229w, https:\/\/fotobyte.es\/wp-content\/uploads\/2022\/08\/IMG_6876-1638x2048.jpg 1638w\" sizes=\"auto, (max-width: 1920px) 100vw, 1920px\" \/><\/figure>\n\n\n\n<figure class=\"wp-block-image size-large\"><img loading=\"lazy\" decoding=\"async\" width=\"683\" height=\"1024\" data-id=\"924\" src=\"https:\/\/fotobyte.es\/wp-content\/uploads\/2023\/06\/IMG_0010-copia-683x1024.jpg\" alt=\"\" class=\"wp-image-924\" srcset=\"https:\/\/fotobyte.es\/wp-content\/uploads\/2023\/06\/IMG_0010-copia-683x1024.jpg 683w, https:\/\/fotobyte.es\/wp-content\/uploads\/2023\/06\/IMG_0010-copia-scaled-400x600.jpg 400w, https:\/\/fotobyte.es\/wp-content\/uploads\/2023\/06\/IMG_0010-copia-200x300.jpg 200w, https:\/\/fotobyte.es\/wp-content\/uploads\/2023\/06\/IMG_0010-copia-768x1152.jpg 768w, https:\/\/fotobyte.es\/wp-content\/uploads\/2023\/06\/IMG_0010-copia-1024x1536.jpg 1024w, https:\/\/fotobyte.es\/wp-content\/uploads\/2023\/06\/IMG_0010-copia-1365x2048.jpg 1365w, https:\/\/fotobyte.es\/wp-content\/uploads\/2023\/06\/IMG_0010-copia-scaled.jpg 1707w\" sizes=\"auto, (max-width: 683px) 100vw, 683px\" \/><\/figure>\n\n\n\n<figure class=\"wp-block-image size-large\"><img loading=\"lazy\" decoding=\"async\" width=\"1707\" height=\"2560\" data-id=\"206\" src=\"https:\/\/fotobyte.es\/wp-content\/uploads\/2022\/08\/IMG_4624-scaled.jpg\" alt=\"\" class=\"wp-image-206\" srcset=\"https:\/\/fotobyte.es\/wp-content\/uploads\/2022\/08\/IMG_4624-scaled.jpg 1707w, https:\/\/fotobyte.es\/wp-content\/uploads\/2022\/08\/IMG_4624-scaled-400x600.jpg 400w, https:\/\/fotobyte.es\/wp-content\/uploads\/2022\/08\/IMG_4624-200x300.jpg 200w, https:\/\/fotobyte.es\/wp-content\/uploads\/2022\/08\/IMG_4624-683x1024.jpg 683w, https:\/\/fotobyte.es\/wp-content\/uploads\/2022\/08\/IMG_4624-768x1152.jpg 768w, https:\/\/fotobyte.es\/wp-content\/uploads\/2022\/08\/IMG_4624-1024x1536.jpg 1024w, https:\/\/fotobyte.es\/wp-content\/uploads\/2022\/08\/IMG_4624-1365x2048.jpg 1365w\" sizes=\"auto, (max-width: 1707px) 100vw, 1707px\" \/><\/figure>\n\n\n\n<figure class=\"wp-block-image size-large\"><img loading=\"lazy\" decoding=\"async\" width=\"1920\" height=\"1920\" data-id=\"209\" src=\"https:\/\/fotobyte.es\/wp-content\/uploads\/2022\/08\/IMG_6883.jpg\" alt=\"\" class=\"wp-image-209\" srcset=\"https:\/\/fotobyte.es\/wp-content\/uploads\/2022\/08\/IMG_6883.jpg 1920w, https:\/\/fotobyte.es\/wp-content\/uploads\/2022\/08\/IMG_6883-300x300.jpg 300w, https:\/\/fotobyte.es\/wp-content\/uploads\/2022\/08\/IMG_6883-100x100.jpg 100w, https:\/\/fotobyte.es\/wp-content\/uploads\/2022\/08\/IMG_6883-400x400.jpg 400w, https:\/\/fotobyte.es\/wp-content\/uploads\/2022\/08\/IMG_6883-1024x1024.jpg 1024w, https:\/\/fotobyte.es\/wp-content\/uploads\/2022\/08\/IMG_6883-150x150.jpg 150w, https:\/\/fotobyte.es\/wp-content\/uploads\/2022\/08\/IMG_6883-768x768.jpg 768w, https:\/\/fotobyte.es\/wp-content\/uploads\/2022\/08\/IMG_6883-1536x1536.jpg 1536w\" sizes=\"auto, (max-width: 1920px) 100vw, 1920px\" \/><\/figure>\n<\/figure>\n<\/div>\n<\/div>\n\n\n\n<p>Una vez enviado el formulario de reserva, recibir\u00e1 un correo electr\u00f3nico en la direcci\u00f3n que nos ha facilitado donde le indicamos la forma de proceder de acuerdo a la forma de pago seleccionada a la hora de efectuar la reserva.<\/p>\n","protected":false},"excerpt":{"rendered":"<p>Reserva ahora tu Reportaje de Primera Comuni\u00f3n con Foto Byte Studio por tan solo 60\u20ac. Una vez confirmada la reserva nos pondremos en contacto contigo&hellip;<\/p>\n","protected":false},"author":1,"featured_media":0,"parent":0,"menu_order":0,"comment_status":"closed","ping_status":"closed","template":"","meta":{"_acf_changed":false,"ngg_post_thumbnail":0,"footnotes":""},"class_list":["post-703","page","type-page","status-publish","hentry"],"acf":[],"_links":{"self":[{"href":"https:\/\/fotobyte.es\/index.php?rest_route=\/wp\/v2\/pages\/703","targetHints":{"allow":["GET"]}}],"collection":[{"href":"https:\/\/fotobyte.es\/index.php?rest_route=\/wp\/v2\/pages"}],"about":[{"href":"https:\/\/fotobyte.es\/index.php?rest_route=\/wp\/v2\/types\/page"}],"author":[{"embeddable":true,"href":"https:\/\/fotobyte.es\/index.php?rest_route=\/wp\/v2\/users\/1"}],"replies":[{"embeddable":true,"href":"https:\/\/fotobyte.es\/index.php?rest_route=%2Fwp%2Fv2%2Fcomments&post=703"}],"version-history":[{"count":11,"href":"https:\/\/fotobyte.es\/index.php?rest_route=\/wp\/v2\/pages\/703\/revisions"}],"predecessor-version":[{"id":925,"href":"https:\/\/fotobyte.es\/index.php?rest_route=\/wp\/v2\/pages\/703\/revisions\/925"}],"wp:attachment":[{"href":"https:\/\/fotobyte.es\/index.php?rest_route=%2Fwp%2Fv2%2Fmedia&parent=703"}],"curies":[{"name":"wp","href":"https:\/\/api.w.org\/{rel}","templated":true}]}}