{"id":41,"date":"2022-08-05T09:25:54","date_gmt":"2022-08-05T09:25:54","guid":{"rendered":"https:\/\/fotobyte.es\/?page_id=41"},"modified":"2026-04-27T08:11:47","modified_gmt":"2026-04-27T08:11:47","slug":"reportajes-de-comunion","status":"publish","type":"page","link":"https:\/\/fotobyte.es\/?page_id=41","title":{"rendered":"Reportajes de Primera Comunion"},"content":{"rendered":"\n<div style=\"height:44px\" aria-hidden=\"true\" class=\"wp-block-spacer\"><\/div>\n\n\n\n<div class=\"wp-block-columns is-layout-flex wp-container-core-columns-is-layout-9d6595d7 wp-block-columns-is-layout-flex\">\n<div class=\"wp-block-column is-layout-flow wp-block-column-is-layout-flow\">\n<div class=\"wp-block-media-text alignwide is-stacked-on-mobile\"><figure class=\"wp-block-media-text__media\"><a href=\"https:\/\/fotobyte.es\/?page_id=1549\" target=\"_blank\" rel=\" noreferrer noopener\"><img loading=\"lazy\" decoding=\"async\" width=\"768\" height=\"1024\" src=\"https:\/\/fotobyte.es\/wp-content\/uploads\/2023\/05\/caratula-768x1024.jpg\" alt=\"\" class=\"wp-image-848 size-full\" srcset=\"https:\/\/fotobyte.es\/wp-content\/uploads\/2023\/05\/caratula-768x1024.jpg 768w, https:\/\/fotobyte.es\/wp-content\/uploads\/2023\/05\/caratula-400x533.jpg 400w, https:\/\/fotobyte.es\/wp-content\/uploads\/2023\/05\/caratula-225x300.jpg 225w, https:\/\/fotobyte.es\/wp-content\/uploads\/2023\/05\/caratula-1152x1536.jpg 1152w, https:\/\/fotobyte.es\/wp-content\/uploads\/2023\/05\/caratula.jpg 1500w\" sizes=\"auto, (max-width: 768px) 100vw, 768px\" \/><\/a><\/figure><div class=\"wp-block-media-text__content\">\n<p><a href=\"https:\/\/fotobyte.es\/?page_id=1549\" data-type=\"page\" data-id=\"1549\">El Album de Primera Comunion de Salva<\/a><\/p>\n<\/div><\/div>\n<\/div>\n\n\n\n<div class=\"wp-block-column is-layout-flow wp-block-column-is-layout-flow\">\n<div class=\"wp-block-media-text alignwide is-stacked-on-mobile\"><figure class=\"wp-block-media-text__media\"><a href=\"https:\/\/fotobyte.es\/?page_id=307\" target=\"_blank\" rel=\" noreferrer noopener\"><img loading=\"lazy\" decoding=\"async\" width=\"768\" height=\"1024\" src=\"https:\/\/fotobyte.es\/wp-content\/uploads\/2025\/09\/2H9A2241-copia-2-768x1024.jpg\" alt=\"\" class=\"wp-image-1535 size-full\" srcset=\"https:\/\/fotobyte.es\/wp-content\/uploads\/2025\/09\/2H9A2241-copia-2-768x1024.jpg 768w, https:\/\/fotobyte.es\/wp-content\/uploads\/2025\/09\/2H9A2241-copia-2-225x300.jpg 225w, https:\/\/fotobyte.es\/wp-content\/uploads\/2025\/09\/2H9A2241-copia-2-1152x1536.jpg 1152w, https:\/\/fotobyte.es\/wp-content\/uploads\/2025\/09\/2H9A2241-copia-2.jpg 1500w\" sizes=\"auto, (max-width: 768px) 100vw, 768px\" \/><\/a><\/figure><div class=\"wp-block-media-text__content\">\n<p><a href=\"https:\/\/fotobyte.es\/?page_id=307\" data-type=\"page\" data-id=\"307\" target=\"_blank\" rel=\"noreferrer noopener\">El \u00c1lbum de Primera Comuni\u00f3n de Blai<\/a><\/p>\n<\/div><\/div>\n<\/div>\n\n\n\n<div class=\"wp-block-column is-layout-flow wp-block-column-is-layout-flow\">\n<div class=\"wp-block-media-text alignwide is-stacked-on-mobile\"><figure class=\"wp-block-media-text__media\"><a href=\"https:\/\/fotobyte.es\/?page_id=1544\" target=\"_blank\" rel=\"Album Primera Comuni\u00f3n de Maria\"><img loading=\"lazy\" decoding=\"async\" width=\"768\" height=\"1024\" src=\"https:\/\/fotobyte.es\/wp-content\/uploads\/2025\/09\/2H9A1743-copia-2-768x1024.jpg\" alt=\"\" class=\"wp-image-1537 size-full\" srcset=\"https:\/\/fotobyte.es\/wp-content\/uploads\/2025\/09\/2H9A1743-copia-2-768x1024.jpg 768w, https:\/\/fotobyte.es\/wp-content\/uploads\/2025\/09\/2H9A1743-copia-2-225x300.jpg 225w, https:\/\/fotobyte.es\/wp-content\/uploads\/2025\/09\/2H9A1743-copia-2-1152x1536.jpg 1152w, https:\/\/fotobyte.es\/wp-content\/uploads\/2025\/09\/2H9A1743-copia-2.jpg 1500w\" sizes=\"auto, (max-width: 768px) 100vw, 768px\" \/><\/a><\/figure><div class=\"wp-block-media-text__content\">\n<p><a href=\"https:\/\/fotobyte.es\/?page_id=1544\" data-type=\"page\" data-id=\"1544\" target=\"_blank\" rel=\"noreferrer noopener\">El \u00c1lbum de Primera Comuni\u00f3n de Maria<\/a><\/p>\n<\/div><\/div>\n<\/div>\n<\/div>\n\n\n\n<div class=\"wp-block-columns is-layout-flex wp-container-core-columns-is-layout-9d6595d7 wp-block-columns-is-layout-flex\">\n<div class=\"wp-block-column is-layout-flow wp-block-column-is-layout-flow\">\n<div class=\"wp-block-media-text alignwide is-stacked-on-mobile\"><figure class=\"wp-block-media-text__media\"><a href=\"https:\/\/fotobyte.es\/?page_id=310\"><img loading=\"lazy\" decoding=\"async\" width=\"768\" height=\"1024\" src=\"https:\/\/fotobyte.es\/wp-content\/uploads\/2022\/08\/A03Isabel-768x1024.jpg\" alt=\"\" class=\"wp-image-246 size-full\" srcset=\"https:\/\/fotobyte.es\/wp-content\/uploads\/2022\/08\/A03Isabel-768x1024.jpg 768w, https:\/\/fotobyte.es\/wp-content\/uploads\/2022\/08\/A03Isabel-400x533.jpg 400w, https:\/\/fotobyte.es\/wp-content\/uploads\/2022\/08\/A03Isabel-225x300.jpg 225w, https:\/\/fotobyte.es\/wp-content\/uploads\/2022\/08\/A03Isabel-1152x1536.jpg 1152w, https:\/\/fotobyte.es\/wp-content\/uploads\/2022\/08\/A03Isabel.jpg 1500w\" sizes=\"auto, (max-width: 768px) 100vw, 768px\" \/><\/a><\/figure><div class=\"wp-block-media-text__content\">\n<p><a href=\"https:\/\/fotobyte.es\/?page_id=310\" data-type=\"page\" data-id=\"310\">El \u00c1lbum de Primera Comuni\u00f3n de Isabel<\/a><\/p>\n<\/div><\/div>\n<\/div>\n\n\n\n<div class=\"wp-block-column is-layout-flow wp-block-column-is-layout-flow\">\n<div class=\"wp-block-media-text is-stacked-on-mobile\"><figure class=\"wp-block-media-text__media\"><img loading=\"lazy\" decoding=\"async\" width=\"768\" height=\"1024\" src=\"https:\/\/fotobyte.es\/wp-content\/uploads\/2023\/11\/A07David-768x1024.jpg\" alt=\"\" class=\"wp-image-1018 size-full\" srcset=\"https:\/\/fotobyte.es\/wp-content\/uploads\/2023\/11\/A07David-768x1024.jpg 768w, https:\/\/fotobyte.es\/wp-content\/uploads\/2023\/11\/A07David-400x533.jpg 400w, https:\/\/fotobyte.es\/wp-content\/uploads\/2023\/11\/A07David-225x300.jpg 225w, https:\/\/fotobyte.es\/wp-content\/uploads\/2023\/11\/A07David-1152x1536.jpg 1152w, https:\/\/fotobyte.es\/wp-content\/uploads\/2023\/11\/A07David.jpg 1500w\" sizes=\"auto, (max-width: 768px) 100vw, 768px\" \/><\/figure><div class=\"wp-block-media-text__content\">\n<p><a href=\"https:\/\/fotobyte.es\/?page_id=1004\" data-type=\"page\" data-id=\"1004\">El \u00c1lbum de Primera Comuni\u00f3n de David<\/a><\/p>\n<\/div><\/div>\n<\/div>\n\n\n\n<div class=\"wp-block-column is-layout-flow wp-block-column-is-layout-flow\">\n<div class=\"wp-block-media-text is-stacked-on-mobile\"><figure class=\"wp-block-media-text__media\"><a href=\"https:\/\/fotobyte.es\/?page_id=867\" target=\"_blank\" rel=\" noreferrer noopener\"><img loading=\"lazy\" decoding=\"async\" width=\"768\" height=\"1024\" src=\"https:\/\/fotobyte.es\/wp-content\/uploads\/2025\/09\/2H9A2473-copia-3-768x1024.jpg\" alt=\"\" class=\"wp-image-1538 size-full\" srcset=\"https:\/\/fotobyte.es\/wp-content\/uploads\/2025\/09\/2H9A2473-copia-3-768x1024.jpg 768w, https:\/\/fotobyte.es\/wp-content\/uploads\/2025\/09\/2H9A2473-copia-3-225x300.jpg 225w, https:\/\/fotobyte.es\/wp-content\/uploads\/2025\/09\/2H9A2473-copia-3-1152x1536.jpg 1152w, https:\/\/fotobyte.es\/wp-content\/uploads\/2025\/09\/2H9A2473-copia-3.jpg 1500w\" sizes=\"auto, (max-width: 768px) 100vw, 768px\" \/><\/a><\/figure><div class=\"wp-block-media-text__content\">\n<p><a href=\"https:\/\/fotobyte.es\/?page_id=867\" data-type=\"page\" data-id=\"867\" target=\"_blank\" rel=\"noreferrer noopener\">El \u00c1lbum de Primera Comuni\u00f3n de Joel<\/a><\/p>\n<\/div><\/div>\n<\/div>\n<\/div>\n\n\n\n<div class=\"wp-block-columns is-layout-flex wp-container-core-columns-is-layout-9d6595d7 wp-block-columns-is-layout-flex\">\n<div class=\"wp-block-column is-layout-flow wp-block-column-is-layout-flow\">\n<div class=\"wp-block-media-text is-stacked-on-mobile\"><figure class=\"wp-block-media-text__media\"><img loading=\"lazy\" decoding=\"async\" width=\"768\" height=\"1024\" src=\"https:\/\/fotobyte.es\/wp-content\/uploads\/2024\/03\/A08Celia-768x1024.jpg\" alt=\"\" class=\"wp-image-1118 size-full\" srcset=\"https:\/\/fotobyte.es\/wp-content\/uploads\/2024\/03\/A08Celia-768x1024.jpg 768w, https:\/\/fotobyte.es\/wp-content\/uploads\/2024\/03\/A08Celia-225x300.jpg 225w, https:\/\/fotobyte.es\/wp-content\/uploads\/2024\/03\/A08Celia-1152x1536.jpg 1152w, https:\/\/fotobyte.es\/wp-content\/uploads\/2024\/03\/A08Celia.jpg 1500w\" sizes=\"auto, (max-width: 768px) 100vw, 768px\" \/><\/figure><div class=\"wp-block-media-text__content\">\n<p><a href=\"https:\/\/fotobyte.es\/?page_id=1119\" data-type=\"page\" data-id=\"1119\">El \u00c1lbum de Primera Comuni\u00f3n de Celia<\/a><\/p>\n<\/div><\/div>\n<\/div>\n\n\n\n<div class=\"wp-block-column is-layout-flow wp-block-column-is-layout-flow\">\n<div class=\"wp-block-media-text is-stacked-on-mobile\"><figure class=\"wp-block-media-text__media\"><a href=\"https:\/\/fotobyte.es\/?page_id=863\" target=\"_blank\" rel=\" noreferrer noopener\"><img loading=\"lazy\" decoding=\"async\" width=\"768\" height=\"1024\" src=\"https:\/\/fotobyte.es\/wp-content\/uploads\/2025\/09\/2H9A3713-copia-2-768x1024.jpg\" alt=\"\" class=\"wp-image-1539 size-full\" srcset=\"https:\/\/fotobyte.es\/wp-content\/uploads\/2025\/09\/2H9A3713-copia-2-768x1024.jpg 768w, https:\/\/fotobyte.es\/wp-content\/uploads\/2025\/09\/2H9A3713-copia-2-225x300.jpg 225w, https:\/\/fotobyte.es\/wp-content\/uploads\/2025\/09\/2H9A3713-copia-2-1152x1536.jpg 1152w, https:\/\/fotobyte.es\/wp-content\/uploads\/2025\/09\/2H9A3713-copia-2.jpg 1500w\" sizes=\"auto, (max-width: 768px) 100vw, 768px\" \/><\/a><\/figure><div class=\"wp-block-media-text__content\">\n<p><a href=\"https:\/\/fotobyte.es\/?page_id=863\" data-type=\"page\" data-id=\"863\" target=\"_blank\" rel=\"noreferrer noopener\">El \u00c1lbum de Primera Comuni\u00f3n de Joan<\/a><\/p>\n<\/div><\/div>\n<\/div>\n\n\n\n<div class=\"wp-block-column is-layout-flow wp-block-column-is-layout-flow\"><\/div>\n<\/div>\n\n\n\n<div class=\"wp-block-columns is-layout-flex wp-container-core-columns-is-layout-9d6595d7 wp-block-columns-is-layout-flex\">\n<div class=\"wp-block-column is-layout-flow wp-block-column-is-layout-flow\"><\/div>\n\n\n\n<div class=\"wp-block-column is-layout-flow wp-block-column-is-layout-flow\"><\/div>\n\n\n\n<div class=\"wp-block-column is-layout-flow wp-block-column-is-layout-flow\"><\/div>\n<\/div>\n\n\n\n<p class=\"has-text-align-center\"><strong><a href=\"https:\/\/fotobyte.es\/?page_id=703\" data-type=\"page\" data-id=\"703\">RESERVA TU REPORTAJE DE PRIMERA COMUNI\u00d3N AQUI MISMO<\/a><\/strong><\/p>\n\n\n\n<p class=\"has-text-align-center has-large-font-size\"><strong><a href=\"https:\/\/fotobyte.es\/?page_id=22\" data-type=\"page\" data-id=\"22\">CONTACTO<\/a><\/strong><\/p>\n","protected":false},"excerpt":{"rendered":"<p>El Album de Primera Comunion de Salva El \u00c1lbum de Primera Comuni\u00f3n de Blai El \u00c1lbum de Primera Comuni\u00f3n de Maria El \u00c1lbum de Primera&hellip;<\/p>\n","protected":false},"author":1,"featured_media":0,"parent":0,"menu_order":0,"comment_status":"closed","ping_status":"closed","template":"","meta":{"_acf_changed":false,"ngg_post_thumbnail":0,"footnotes":""},"class_list":["post-41","page","type-page","status-publish","hentry"],"acf":[],"_links":{"self":[{"href":"https:\/\/fotobyte.es\/index.php?rest_route=\/wp\/v2\/pages\/41","targetHints":{"allow":["GET"]}}],"collection":[{"href":"https:\/\/fotobyte.es\/index.php?rest_route=\/wp\/v2\/pages"}],"about":[{"href":"https:\/\/fotobyte.es\/index.php?rest_route=\/wp\/v2\/types\/page"}],"author":[{"embeddable":true,"href":"https:\/\/fotobyte.es\/index.php?rest_route=\/wp\/v2\/users\/1"}],"replies":[{"embeddable":true,"href":"https:\/\/fotobyte.es\/index.php?rest_route=%2Fwp%2Fv2%2Fcomments&post=41"}],"version-history":[{"count":35,"href":"https:\/\/fotobyte.es\/index.php?rest_route=\/wp\/v2\/pages\/41\/revisions"}],"predecessor-version":[{"id":1620,"href":"https:\/\/fotobyte.es\/index.php?rest_route=\/wp\/v2\/pages\/41\/revisions\/1620"}],"wp:attachment":[{"href":"https:\/\/fotobyte.es\/index.php?rest_route=%2Fwp%2Fv2%2Fmedia&parent=41"}],"curies":[{"name":"wp","href":"https:\/\/api.w.org\/{rel}","templated":true}]}}