{"id":10,"date":"2022-08-04T17:50:11","date_gmt":"2022-08-04T17:50:11","guid":{"rendered":"https:\/\/fotobyte.es\/?page_id=10"},"modified":"2024-09-12T11:25:47","modified_gmt":"2024-09-12T11:25:47","slug":"juan-antonio-domenech-fotografo","status":"publish","type":"page","link":"https:\/\/fotobyte.es\/","title":{"rendered":"Juan Antonio Dom\u00e9nech &#8211; Fotografo"},"content":{"rendered":"\n<div class=\"wp-block-columns is-layout-flex wp-container-core-columns-is-layout-9d6595d7 wp-block-columns-is-layout-flex\">\n<div class=\"wp-block-column is-layout-flow wp-block-column-is-layout-flow\">\n<p>En Foto Byte Studio, hacemos inolvidables los sentimientos que provoca una mirada. Captamos en una imagen el calor de un gesto para convertir tus recuerdos en sensaciones. Buscamos la emoci\u00f3n para que conserve siempre su esencia.<\/p>\n<\/div>\n\n\n\n<div class=\"wp-block-column is-layout-flow wp-block-column-is-layout-flow\">\n<p>Emoci\u00f3n. Una palabra esencial para Foto Byte Studio. Buscamos la emoci\u00f3n en una mirada, en un gesto, en una sonrisa. Buscamos tu emoci\u00f3n, nuestra fuente de inspiraci\u00f3n en cada trabajo.<\/p>\n<\/div>\n<\/div>\n\n\n\n<p class=\"has-text-align-left\">Realizamos sesiones de Embarazo y seguimiento del mismo. Reportajes de Primera Comuni\u00f3n, en estudio, en exterior, o si lo prefieres, una combinaci\u00f3n de ambos. Tambi\u00e9n realizamos Reportajes de Bautizo, en casa y en iglesia, y fotos para recordatorio.<br>En definitiva somos capaces de plasmar con nuestras fotograf\u00edas todos los momentos importantes de vuestras vidas.<\/p>\n\n\n\n\t<div class=\"slideshow_container slideshow_container_style-light\" data-slideshow-id=\"84\" data-style-name=\"style-light\" data-style-version=\"2.6.0\">\n\t\t<div class=\"slideshow_loading_icon\"><\/div>\n\t\t<div class=\"slideshow_content\" style=\"display: none\">\n\t\t\t<div class=\"slideshow_view\">\n\t\t\t\t<div class=\"slideshow_slide slideshow_slide_image\">\n\t\t\t\t\t\t\t\t\t\t\t<img loading=\"lazy\" decoding=\"async\" src=\"https:\/\/fotobyte.es\/wp-content\/uploads\/2022\/08\/revelado-carretes-scaled.jpg\" alt=\"Servicio de Revelado de Carretes\" width=\"2560\" height=\"1810\" \/>\n\t\t\t\t\t\t\t\t\t\t<div class=\"slideshow_description_box slideshow_transparent\">\n\t\t\t\t\t\t\t\t\t\t\t\t<div class=\"slideshow_title\">Revelado de Carretes<\/div>\n\t\t\t\t\t\t\t\t\t\t\t\t\t\t\t\t\t\t<div class=\"slideshow_description\">Servicio de Revelado de Carretes<\/div>\n\t\t\t\t\t\t\t\t\t\t\t<\/div>\n\t\t\t\t<\/div>\n\n\t\t\t\t\t\t\t\t\t<\/div>\n\t\t\t<div class=\"slideshow_view\">\n\t\t\t\t<div class=\"slideshow_slide slideshow_slide_image\">\n\t\t\t\t\t\t\t\t\t\t\t<img loading=\"lazy\" decoding=\"async\" src=\"https:\/\/fotobyte.es\/wp-content\/uploads\/2022\/08\/comuniones-2026-scaled.jpg\" alt=\"Oferta Reportajes de Primera Comuni\u00f3n para 2026\" width=\"2560\" height=\"1829\" \/>\n\t\t\t\t\t\t\t\t\t\t<div class=\"slideshow_description_box slideshow_transparent\">\n\t\t\t\t\t\t\t\t\t\t\t\t<div class=\"slideshow_title\">Comuniones 2026<\/div>\n\t\t\t\t\t\t\t\t\t\t\t\t\t\t\t\t\t<\/div>\n\t\t\t\t<\/div>\n\n\t\t\t\t\t\t\t\t\t<\/div>\n\t\t\t<div class=\"slideshow_view\">\n\t\t\t\t<div class=\"slideshow_slide slideshow_slide_image\">\n\t\t\t\t\t\t\t\t\t\t\t<img loading=\"lazy\" decoding=\"async\" src=\"https:\/\/fotobyte.es\/wp-content\/uploads\/2022\/08\/digitalizacion-scaled.jpg\" alt=\"Digitalizaci\u00f3n de soportes de video\" width=\"2560\" height=\"1810\" \/>\n\t\t\t\t\t\t\t\t\t\t<div class=\"slideshow_description_box slideshow_transparent\">\n\t\t\t\t\t\t\t\t\t\t\t\t<div class=\"slideshow_title\">Digitalizaci\u00f3n de soportes de video<\/div>\n\t\t\t\t\t\t\t\t\t\t\t\t\t\t\t\t\t<\/div>\n\t\t\t\t<\/div>\n\n\t\t\t\t\t\t\t\t\t<\/div>\n\t\t\t<div class=\"slideshow_view\">\n\t\t\t\t<div class=\"slideshow_slide slideshow_slide_image\">\n\t\t\t\t\t\t\t\t\t\t\t<img loading=\"lazy\" decoding=\"async\" src=\"https:\/\/fotobyte.es\/wp-content\/uploads\/2023\/03\/337689504_737328594510173_8069799003270405668_n.jpg\" alt=\"Impresiones Gran Formato\" width=\"1440\" height=\"1800\" \/>\n\t\t\t\t\t\t\t\t\t\t<div class=\"slideshow_description_box slideshow_transparent\">\n\t\t\t\t\t\t\t\t\t\t\t\t<div class=\"slideshow_title\">Impresiones Gran Formato<\/div>\n\t\t\t\t\t\t\t\t\t\t\t\t\t\t\t\t\t<\/div>\n\t\t\t\t<\/div>\n\n\t\t\t\t\t\t\t\t\t<\/div>\n\t\t\t<div class=\"slideshow_view\">\n\t\t\t\t<div class=\"slideshow_slide slideshow_slide_image\">\n\t\t\t\t\t\t\t\t\t\t\t<img loading=\"lazy\" decoding=\"async\" src=\"https:\/\/fotobyte.es\/wp-content\/uploads\/2022\/08\/CARTEL-FOTOS-CARNET-face-scaled.jpg\" alt=\"FOTOS DE CARNET\" width=\"2560\" height=\"1810\" \/>\n\t\t\t\t\t\t\t\t\t\t<div class=\"slideshow_description_box slideshow_transparent\">\n\t\t\t\t\t\t\t\t\t\t\t\t<div class=\"slideshow_title\">FOTOS DE CARNET<\/div>\n\t\t\t\t\t\t\t\t\t\t\t\t\t\t\t\t\t<\/div>\n\t\t\t\t<\/div>\n\n\t\t\t\t\t\t\t\t\t<\/div>\n\t\t\t<div class=\"slideshow_view\">\n\t\t\t\t<div class=\"slideshow_slide slideshow_slide_image\">\n\t\t\t\t\t\t\t\t\t\t\t<img loading=\"lazy\" decoding=\"async\" src=\"https:\/\/fotobyte.es\/wp-content\/uploads\/2022\/08\/cuartilla-scaled.jpg\" alt=\"SESIONES PRMAM\u00c1\" width=\"2560\" height=\"1810\" \/>\n\t\t\t\t\t\t\t\t\t\t<div class=\"slideshow_description_box slideshow_transparent\">\n\t\t\t\t\t\t\t\t\t\t\t\t<div class=\"slideshow_title\">SESIONES PRMAM\u00c1<\/div>\n\t\t\t\t\t\t\t\t\t\t\t\t\t\t\t\t\t<\/div>\n\t\t\t\t<\/div>\n\n\t\t\t\t\t\t\t\t\t<\/div>\n\t\t<\/div>\n\t\t<div class=\"slideshow_controlPanel slideshow_transparent\" style=\"display: none\"><ul><li class=\"slideshow_togglePlay\" data-play-text=\"Reproducir\" data-pause-text=\"Pausar\"><\/li><\/ul><\/div>\n\t\t<div class=\"slideshow_button slideshow_previous slideshow_transparent\" role=\"button\" data-previous-text=\"Anterior\" style=\"display: none\"><\/div>\n\t\t<div class=\"slideshow_button slideshow_next slideshow_transparent\" role=\"button\" data-next-text=\"Siguiente\" style=\"display: none\"><\/div>\n\t\t<div class=\"slideshow_pagination\" style=\"display: none\" data-go-to-text=\"Ir a la diapositiva\"><div class=\"slideshow_pagination_center\"><\/div><\/div>\n\t<\/div>\n\n\n\n\n<div style=\"height:23px\" aria-hidden=\"true\" class=\"wp-block-spacer\"><\/div>\n\n\n\n<div style=\"padding:20px;text-align:center\" class=\"wp-block-tnp-minimal\"><p><strong>Suscribete y te mantendremos informado de nuestras promociones.<\/strong><\/p><div><div class=\"tnp tnp-subscription-minimal  \"><form action=\"https:\/\/fotobyte.es\/wp-admin\/admin-ajax.php?action=tnp&amp;na=s\" method=\"post\" style=\"text-align: center\"><input type=\"hidden\" name=\"nr\" value=\"minimal\">\n<input type=\"hidden\" name=\"nlang\" value=\"\">\n<input class=\"tnp-email\" type=\"email\" required name=\"ne\" value=\"\" placeholder=\"Email\"><input class=\"tnp-submit\" type=\"submit\" value=\"Suscribirse\" style=\"\">\n<div class=\"tnp-field tnp-privacy-field\"><label><input type=\"checkbox\" name=\"ny\" required class=\"tnp-privacy\"> Si contin\u00faas, aceptas la pol\u00edtica de privacidad<\/label><\/div><\/form><\/div>\n<\/div><\/div>\n\n\n\n<p class=\"has-text-align-center\"><strong><a href=\"https:\/\/www.google.es\/maps\/place\/FOTO+BYTE+STUDIO\/@39.5006987,-0.4392448,189m\/data=!3m1!1e3!4m6!3m5!1s0xd604545e6ed8e19:0x3d17f3325473e622!8m2!3d39.500693!4d-0.4398334!16s%2Fg%2F1v8l0yzt?hl=es\" target=\"_blank\" rel=\"noreferrer noopener\">C\/ Medico Ballester, 20<br>46980 Paterna (Valencia)<\/a><\/strong><\/p>\n\n\n\n<p class=\"has-text-align-center has-large-font-size\"><strong><a href=\"https:\/\/fotobyte.es\/?page_id=22\" data-type=\"page\" data-id=\"22\">CONTACTO<\/a><\/strong><\/p>\n\n\n<div class=\"wp-gr rpi wpac\" data-id=\"1450\" data-layout=\"slider\" data-exec=\"false\" data-options='{&quot;text_size&quot;:&quot;&quot;,&quot;trans&quot;:{&quot;read more&quot;:&quot;leer m\\u00e1s&quot;}}'><svg xmlns=\"http:\/\/www.w3.org\/2000\/svg\" style=\"display:none!important\"><symbol id=\"grw-tripadvisor\" viewBox=\"0 0 713.496 713.496\"><g><circle fill=\"#34E0A1\" cx=\"356.749\" cy=\"356.748\" r=\"356.748\"\/><path d=\"M577.095,287.152l43.049-46.836h-95.465c-47.792-32.646-105.51-51.659-167.931-51.659   c-62.342,0-119.899,19.054-167.612,51.659H93.432l43.049,46.836c-26.387,24.075-42.929,58.754-42.929,97.259   c0,72.665,58.914,131.578,131.579,131.578c34.519,0,65.968-13.313,89.446-35.077l42.172,45.919l42.172-45.879   c23.478,21.764,54.887,35.037,89.406,35.037c72.665,0,131.658-58.913,131.658-131.578   C620.024,345.866,603.483,311.188,577.095,287.152z M225.17,473.458c-49.188,0-89.047-39.859-89.047-89.047   s39.86-89.048,89.047-89.048c49.187,0,89.047,39.86,89.047,89.048S274.357,473.458,225.17,473.458z M356.788,381.82   c0-58.595-42.61-108.898-98.853-130.383c30.413-12.716,63.776-19.771,98.813-19.771s68.439,7.055,98.853,19.771   C399.399,272.962,356.788,323.226,356.788,381.82z M488.367,473.458c-49.188,0-89.048-39.859-89.048-89.047   s39.86-89.048,89.048-89.048s89.047,39.86,89.047,89.048S537.554,473.458,488.367,473.458z M488.367,337.694   c-25.79,0-46.677,20.887-46.677,46.677c0,25.789,20.887,46.676,46.677,46.676c25.789,0,46.676-20.887,46.676-46.676   C535.042,358.621,514.156,337.694,488.367,337.694z M271.846,384.411c0,25.789-20.887,46.676-46.676,46.676   s-46.676-20.887-46.676-46.676c0-25.79,20.887-46.677,46.676-46.677C250.959,337.694,271.846,358.621,271.846,384.411z\"\/><\/g><\/symbol><symbol id=\"grw-google\" viewBox=\"0 0 512 512\"><g fill=\"none\" fill-rule=\"evenodd\"><path d=\"M482.56 261.36c0-16.73-1.5-32.83-4.29-48.27H256v91.29h127.01c-5.47 29.5-22.1 54.49-47.09 71.23v59.21h76.27c44.63-41.09 70.37-101.59 70.37-173.46z\" fill=\"#4285f4\"\/><path d=\"M256 492c63.72 0 117.14-21.13 156.19-57.18l-76.27-59.21c-21.13 14.16-48.17 22.53-79.92 22.53-61.47 0-113.49-41.51-132.05-97.3H45.1v61.15c38.83 77.13 118.64 130.01 210.9 130.01z\" fill=\"#34a853\"\/><path d=\"M123.95 300.84c-4.72-14.16-7.4-29.29-7.4-44.84s2.68-30.68 7.4-44.84V150.01H45.1C29.12 181.87 20 217.92 20 256c0 38.08 9.12 74.13 25.1 105.99l78.85-61.15z\" fill=\"#fbbc05\"\/><path d=\"M256 113.86c34.65 0 65.76 11.91 90.22 35.29l67.69-67.69C373.03 43.39 319.61 20 256 20c-92.25 0-172.07 52.89-210.9 130.01l78.85 61.15c18.56-55.78 70.59-97.3 132.05-97.3z\" fill=\"#ea4335\"\/><path d=\"M20 20h472v472H20V20z\"\/><\/g><\/symbol><\/svg><div class=\"grw-row grw-row-m\" data-options='{\"speed\":3,\"autoplay\":true,\"mousestop\":true,\"breakpoints\":\"\"}'><div class=\"rpi-slides-root grw-content\"><div class=\"grw-content-inner\"><button class=\"rpi-ltgt rpi-lt grw-prev\" tabindex=\"0\"><\/button><div class=\"rpi-slides grw-reviews rpi-slides-bite\" data-count=\"8\" data-offset=\"8\"><div class=\"rpi-slide grw-review\"><div class=\"rpi-flx rpi-col12 grw-review-inner grw-backgnd\"><div class=\"rpi-flx rpi-row12-center\"><div class=\"grw-img-wrap\"><img decoding=\"async\" class=\"grw-img\" src=\"https:\/\/lh3.googleusercontent.com\/a-\/ALV-UjWqFpiZAINg2QtUXkFLj_3oIs65i03K7CNiXIDtzLkzGOmxa2Ga=s128-c0x00000000-cc-rp-mo-ba5\" loading=\"lazy\" alt=\"Beatriz Mosquera profile picture\" width=\"50\" height=\"50\" onerror=\"if(this.src!='https:\/\/fotobyte.es\/wp-content\/plugins\/widget-google-reviews\/assets\/img\/guest.png')this.src='https:\/\/fotobyte.es\/wp-content\/plugins\/widget-google-reviews\/assets\/img\/guest.png';\" ><\/div><div class=\"rpi-flx rpi-col6\"><a href=\"https:\/\/www.google.com\/maps\/contrib\/108882527094935613340\/reviews\" class=\"wp-google-name\" target=\"_blank\" rel=\"nofollow noopener\">Beatriz Mosquera<\/a><div class=\"wp-google-time\" data-time=\"1725475714\">18:48 04 Sep 24<\/div><\/div><\/div><span class=\"rpi-stars\" style=\"--rating:5\"><\/span><div class=\"rpi-flx rpi-col4\"><div class=\"wp-google-feedback grw-scroll\" ><span class=\"wp-google-text\">Fuimos a por fotograf\u00edas carnet y bien. 9 fotos 9\u20ac.<\/span><\/div><\/div><svg height=\"16\" width=\"16\" role=\"none\"><use href=\"#grw-google\"\/><\/svg><\/div><\/div><div class=\"rpi-slide grw-review\"><div class=\"rpi-flx rpi-col12 grw-review-inner grw-backgnd\"><div class=\"rpi-flx rpi-row12-center\"><div class=\"grw-img-wrap\"><img decoding=\"async\" class=\"grw-img\" src=\"https:\/\/lh3.googleusercontent.com\/a\/ACg8ocIerwstKB_0KLaawBmvlvKtwplFRj9IfTKJCdHjiib4eVjhRg=s128-c0x00000000-cc-rp-mo-ba3\" loading=\"lazy\" alt=\"Violeta violeta roig profile picture\" width=\"50\" height=\"50\" onerror=\"if(this.src!='https:\/\/fotobyte.es\/wp-content\/plugins\/widget-google-reviews\/assets\/img\/guest.png')this.src='https:\/\/fotobyte.es\/wp-content\/plugins\/widget-google-reviews\/assets\/img\/guest.png';\" ><\/div><div class=\"rpi-flx rpi-col6\"><a href=\"https:\/\/www.google.com\/maps\/contrib\/106020161906965823171\/reviews\" class=\"wp-google-name\" target=\"_blank\" rel=\"nofollow noopener\">Violeta violeta roig<\/a><div class=\"wp-google-time\" data-time=\"1700317155\">14:19 18 Nov 23<\/div><\/div><\/div><span class=\"rpi-stars\" style=\"--rating:5\"><\/span><div class=\"rpi-flx rpi-col4\"><div class=\"wp-google-feedback grw-scroll\" ><span class=\"wp-google-text\">Buen profesional!!<\/span><\/div><\/div><svg height=\"16\" width=\"16\" role=\"none\"><use href=\"#grw-google\"\/><\/svg><\/div><\/div><div class=\"rpi-slide grw-review\"><div class=\"rpi-flx rpi-col12 grw-review-inner grw-backgnd\"><div class=\"rpi-flx rpi-row12-center\"><div class=\"grw-img-wrap\"><img decoding=\"async\" class=\"grw-img\" src=\"https:\/\/lh3.googleusercontent.com\/a\/ACg8ocL-RM-W05GNjsSdkY8XwlgScxny8VzF-pXg9ZvNgbWN_oN-Cw=s128-c0x00000000-cc-rp-mo\" loading=\"lazy\" alt=\"Eva Gamazo profile picture\" width=\"50\" height=\"50\" onerror=\"if(this.src!='https:\/\/fotobyte.es\/wp-content\/plugins\/widget-google-reviews\/assets\/img\/guest.png')this.src='https:\/\/fotobyte.es\/wp-content\/plugins\/widget-google-reviews\/assets\/img\/guest.png';\" ><\/div><div class=\"rpi-flx rpi-col6\"><a href=\"https:\/\/www.google.com\/maps\/contrib\/116384519453458073425\/reviews\" class=\"wp-google-name\" target=\"_blank\" rel=\"nofollow noopener\">Eva Gamazo<\/a><div class=\"wp-google-time\" data-time=\"1699302513\">20:28 06 Nov 23<\/div><\/div><\/div><span class=\"rpi-stars\" style=\"--rating:5\"><\/span><div class=\"rpi-flx rpi-col4\"><div class=\"wp-google-feedback grw-scroll\" ><span class=\"wp-google-text\">Gran profesional, con experiencia y excelente trato, recomendable al 100%!<\/span><\/div><\/div><svg height=\"16\" width=\"16\" role=\"none\"><use href=\"#grw-google\"\/><\/svg><\/div><\/div><div class=\"rpi-slide grw-review\"><div class=\"rpi-flx rpi-col12 grw-review-inner grw-backgnd\"><div class=\"rpi-flx rpi-row12-center\"><div class=\"grw-img-wrap\"><img decoding=\"async\" class=\"grw-img\" src=\"https:\/\/lh3.googleusercontent.com\/a-\/ALV-UjXXWl4gmD828beHvUnir6J3G42Neyp6laM7hoG-TEvetw43-n6W=s128-c0x00000000-cc-rp-mo-ba3\" loading=\"lazy\" alt=\"BELEN ASENSI profile picture\" width=\"50\" height=\"50\" onerror=\"if(this.src!='https:\/\/fotobyte.es\/wp-content\/plugins\/widget-google-reviews\/assets\/img\/guest.png')this.src='https:\/\/fotobyte.es\/wp-content\/plugins\/widget-google-reviews\/assets\/img\/guest.png';\" ><\/div><div class=\"rpi-flx rpi-col6\"><a href=\"https:\/\/www.google.com\/maps\/contrib\/101088424027822729971\/reviews\" class=\"wp-google-name\" target=\"_blank\" rel=\"nofollow noopener\">BELEN ASENSI<\/a><div class=\"wp-google-time\" data-time=\"1699275017\">12:50 06 Nov 23<\/div><\/div><\/div><span class=\"rpi-stars\" style=\"--rating:5\"><\/span><div class=\"rpi-flx rpi-col4\"><div class=\"wp-google-feedback grw-scroll\" ><span class=\"wp-google-text\">He tenido la oportunidad de que me hiciera varios reportajes y quer\u00eda recomendarlo por su habilidad y conocimiento en su trabajo.Tiene un don para capturar emociones y momentos especiales, antes se tom\u00f3 el tiempo para entender lo que buscaba. Si est\u00e1s buscando un fot\u00f3grafo apasionado y comprometido FOTO BYTE STUDIO es la elecci\u00f3n perfecta  ,,100% recomendable<\/span><\/div><\/div><svg height=\"16\" width=\"16\" role=\"none\"><use href=\"#grw-google\"\/><\/svg><\/div><\/div><div class=\"rpi-slide grw-review\"><div class=\"rpi-flx rpi-col12 grw-review-inner grw-backgnd\"><div class=\"rpi-flx rpi-row12-center\"><div class=\"grw-img-wrap\"><img decoding=\"async\" class=\"grw-img\" src=\"https:\/\/lh3.googleusercontent.com\/a\/ACg8ocJH7H18JMMJe7vJc481QKPeY_zNecQpH_7FzOQ8ek0KRjlGjA=s128-c0x00000000-cc-rp-mo\" loading=\"lazy\" alt=\"Ver\u00f3nica Godino profile picture\" width=\"50\" height=\"50\" onerror=\"if(this.src!='https:\/\/fotobyte.es\/wp-content\/plugins\/widget-google-reviews\/assets\/img\/guest.png')this.src='https:\/\/fotobyte.es\/wp-content\/plugins\/widget-google-reviews\/assets\/img\/guest.png';\" ><\/div><div class=\"rpi-flx rpi-col6\"><a href=\"https:\/\/www.google.com\/maps\/contrib\/108226463644590214422\/reviews\" class=\"wp-google-name\" target=\"_blank\" rel=\"nofollow noopener\">Ver\u00f3nica Godino<\/a><div class=\"wp-google-time\" data-time=\"1699268724\">11:05 06 Nov 23<\/div><\/div><\/div><span class=\"rpi-stars\" style=\"--rating:5\"><\/span><div class=\"rpi-flx rpi-col4\"><div class=\"wp-google-feedback grw-scroll\" ><span class=\"wp-google-text\">Magn\u00edfico profesional. Recomendable 100%<\/span><\/div><\/div><svg height=\"16\" width=\"16\" role=\"none\"><use href=\"#grw-google\"\/><\/svg><\/div><\/div><div class=\"rpi-slide grw-review\"><div class=\"rpi-flx rpi-col12 grw-review-inner grw-backgnd\"><div class=\"rpi-flx rpi-row12-center\"><div class=\"grw-img-wrap\"><img decoding=\"async\" class=\"grw-img\" src=\"https:\/\/lh3.googleusercontent.com\/a\/ACg8ocLuZeVf7dQLH3terDxqVpAinupdUf0vCHAvFBazk7_SzkhAwg=s128-c0x00000000-cc-rp-mo\" loading=\"lazy\" alt=\"Hernan Schell profile picture\" width=\"50\" height=\"50\" onerror=\"if(this.src!='https:\/\/fotobyte.es\/wp-content\/plugins\/widget-google-reviews\/assets\/img\/guest.png')this.src='https:\/\/fotobyte.es\/wp-content\/plugins\/widget-google-reviews\/assets\/img\/guest.png';\" ><\/div><div class=\"rpi-flx rpi-col6\"><a href=\"https:\/\/www.google.com\/maps\/contrib\/101812533976835447934\/reviews\" class=\"wp-google-name\" target=\"_blank\" rel=\"nofollow noopener\">Hernan Schell<\/a><div class=\"wp-google-time\" data-time=\"1699268393\">10:59 06 Nov 23<\/div><\/div><\/div><span class=\"rpi-stars\" style=\"--rating:5\"><\/span><div class=\"rpi-flx rpi-col4\"><div class=\"wp-google-feedback grw-scroll\" ><span class=\"wp-google-text\">Muy buen profesional. Todos los trabajos encargados han sido perfectos. Recomendable al 100%<\/span><\/div><\/div><svg height=\"16\" width=\"16\" role=\"none\"><use href=\"#grw-google\"\/><\/svg><\/div><\/div><div class=\"rpi-slide grw-review\"><div class=\"rpi-flx rpi-col12 grw-review-inner grw-backgnd\"><div class=\"rpi-flx rpi-row12-center\"><div class=\"grw-img-wrap\"><img decoding=\"async\" class=\"grw-img\" src=\"https:\/\/lh3.googleusercontent.com\/a-\/ALV-UjV9npp-rCDiL-FVK7tUA6M3TBi68I_VtRybJO3eI3qKk8U0oUA1UQ=s128-c0x00000000-cc-rp-mo\" loading=\"lazy\" alt=\"Cristina Valero Gil profile picture\" width=\"50\" height=\"50\" onerror=\"if(this.src!='https:\/\/fotobyte.es\/wp-content\/plugins\/widget-google-reviews\/assets\/img\/guest.png')this.src='https:\/\/fotobyte.es\/wp-content\/plugins\/widget-google-reviews\/assets\/img\/guest.png';\" ><\/div><div class=\"rpi-flx rpi-col6\"><a href=\"https:\/\/www.google.com\/maps\/contrib\/106866454144376608351\/reviews\" class=\"wp-google-name\" target=\"_blank\" rel=\"nofollow noopener\">Cristina Valero Gil<\/a><div class=\"wp-google-time\" data-time=\"1699267813\">10:50 06 Nov 23<\/div><\/div><\/div><span class=\"rpi-stars\" style=\"--rating:5\"><\/span><div class=\"rpi-flx rpi-col4\"><div class=\"wp-google-feedback grw-scroll\" ><span class=\"wp-google-text\">Profesional de los pies a la cabeza, siempre atento y dispuesto a todo.<br \/>Sin duda alguna mi \u00fanico fot\u00f3grafo.<\/span><\/div><\/div><svg height=\"16\" width=\"16\" role=\"none\"><use href=\"#grw-google\"\/><\/svg><\/div><\/div><div class=\"rpi-slide grw-review\"><div class=\"rpi-flx rpi-col12 grw-review-inner grw-backgnd\"><div class=\"rpi-flx rpi-row12-center\"><div class=\"grw-img-wrap\"><img decoding=\"async\" class=\"grw-img\" src=\"https:\/\/lh3.googleusercontent.com\/a\/ACg8ocL_IjAMnBeS29fB0PI-qtgOrS25h5-y3h4uzUOMuTKLvfwKTg=s128-c0x00000000-cc-rp-mo-ba5\" loading=\"lazy\" alt=\"Judith Domenech Nz i jj profile picture\" width=\"50\" height=\"50\" onerror=\"if(this.src!='https:\/\/fotobyte.es\/wp-content\/plugins\/widget-google-reviews\/assets\/img\/guest.png')this.src='https:\/\/fotobyte.es\/wp-content\/plugins\/widget-google-reviews\/assets\/img\/guest.png';\" ><\/div><div class=\"rpi-flx rpi-col6\"><a href=\"https:\/\/www.google.com\/maps\/contrib\/109370065721415970858\/reviews\" class=\"wp-google-name\" target=\"_blank\" rel=\"nofollow noopener\">Judith Domenech Nz i jj<\/a><div class=\"wp-google-time\" data-time=\"1558687268\">08:41 24 May 19<\/div><\/div><\/div><span class=\"rpi-stars\" style=\"--rating:5\"><\/span><div class=\"rpi-flx rpi-col4\"><div class=\"wp-google-feedback grw-scroll\" ><span class=\"wp-google-text\">Unas fotos de ensue\u00f1o para tus eventos. Todas las fotos de mis hij@s las hago siempre aqu\u00ed<\/span><\/div><\/div><svg height=\"16\" width=\"16\" role=\"none\"><use href=\"#grw-google\"\/><\/svg><\/div><\/div><\/div><button class=\"rpi-ltgt rpi-gt grw-next\" tabindex=\"0\"><\/button><div class=\"rpi-dots-wrap\"><div class=\"rpi-dots\"><\/div><\/div><\/div><\/div><\/div><script>(function(p){if(!p)return;let w=p.offsetWidth,m=function(a,b){return Math.min(a,b)===a};p.querySelector('.grw-row').classList.replace('grw-row-m','grw-row-'+(m(w,510)?'xs':m(w,750)?'x':m(w,1100)?'s':m(w,1450)?'m':m(w,1800)?'l':'xl'))})(document.currentScript?.parentElement)<\/script><\/div>\n","protected":false},"excerpt":{"rendered":"<p>En Foto Byte Studio, hacemos inolvidables los sentimientos que provoca una mirada. Captamos en una imagen el calor de un gesto para convertir tus recuerdos&hellip;<\/p>\n","protected":false},"author":1,"featured_media":0,"parent":0,"menu_order":0,"comment_status":"closed","ping_status":"closed","template":"","meta":{"_acf_changed":false,"ngg_post_thumbnail":0,"footnotes":""},"class_list":["post-10","page","type-page","status-publish","hentry"],"acf":[],"_links":{"self":[{"href":"https:\/\/fotobyte.es\/index.php?rest_route=\/wp\/v2\/pages\/10","targetHints":{"allow":["GET"]}}],"collection":[{"href":"https:\/\/fotobyte.es\/index.php?rest_route=\/wp\/v2\/pages"}],"about":[{"href":"https:\/\/fotobyte.es\/index.php?rest_route=\/wp\/v2\/types\/page"}],"author":[{"embeddable":true,"href":"https:\/\/fotobyte.es\/index.php?rest_route=\/wp\/v2\/users\/1"}],"replies":[{"embeddable":true,"href":"https:\/\/fotobyte.es\/index.php?rest_route=%2Fwp%2Fv2%2Fcomments&post=10"}],"version-history":[{"count":27,"href":"https:\/\/fotobyte.es\/index.php?rest_route=\/wp\/v2\/pages\/10\/revisions"}],"predecessor-version":[{"id":1451,"href":"https:\/\/fotobyte.es\/index.php?rest_route=\/wp\/v2\/pages\/10\/revisions\/1451"}],"wp:attachment":[{"href":"https:\/\/fotobyte.es\/index.php?rest_route=%2Fwp%2Fv2%2Fmedia&parent=10"}],"curies":[{"name":"wp","href":"https:\/\/api.w.org\/{rel}","templated":true}]}}